{"id":4512,"date":"2023-07-17T21:08:52","date_gmt":"2023-07-18T01:08:52","guid":{"rendered":"https:\/\/strollertogo.com\/sobre-min\/"},"modified":"2025-05-28T12:26:13","modified_gmt":"2025-05-28T16:26:13","slug":"sobre-nos","status":"publish","type":"page","link":"https:\/\/strollertogo.com\/pt-br\/sobre-nos\/","title":{"rendered":"Sobre n\u00f3s"},"content":{"rendered":"\t\t<div data-elementor-type=\"wp-page\" data-elementor-id=\"4512\" class=\"elementor elementor-4512 elementor-2910\" data-elementor-post-type=\"page\">\n\t\t\t\t\t\t<section class=\"elementor-section elementor-top-section elementor-element elementor-element-5a9585c5 elementor-section-boxed elementor-section-height-default elementor-section-height-default\" data-id=\"5a9585c5\" data-element_type=\"section\" data-e-type=\"section\" data-settings=\"{&quot;background_background&quot;:&quot;classic&quot;,&quot;shape_divider_bottom&quot;:&quot;mountains&quot;}\">\n\t\t\t\t\t<div class=\"elementor-shape elementor-shape-bottom\" aria-hidden=\"true\" data-negative=\"false\">\n\t\t\t<svg xmlns=\"http:\/\/www.w3.org\/2000\/svg\" viewBox=\"0 0 1000 100\" preserveAspectRatio=\"none\">\n\t<path class=\"elementor-shape-fill\" opacity=\"0.33\" d=\"M473,67.3c-203.9,88.3-263.1-34-320.3,0C66,119.1,0,59.7,0,59.7V0h1000v59.7 c0,0-62.1,26.1-94.9,29.3c-32.8,3.3-62.8-12.3-75.8-22.1C806,49.6,745.3,8.7,694.9,4.7S492.4,59,473,67.3z\"\/>\n\t<path class=\"elementor-shape-fill\" opacity=\"0.66\" d=\"M734,67.3c-45.5,0-77.2-23.2-129.1-39.1c-28.6-8.7-150.3-10.1-254,39.1 s-91.7-34.4-149.2,0C115.7,118.3,0,39.8,0,39.8V0h1000v36.5c0,0-28.2-18.5-92.1-18.5C810.2,18.1,775.7,67.3,734,67.3z\"\/>\n\t<path class=\"elementor-shape-fill\" d=\"M766.1,28.9c-200-57.5-266,65.5-395.1,19.5C242,1.8,242,5.4,184.8,20.6C128,35.8,132.3,44.9,89.9,52.5C28.6,63.7,0,0,0,0 h1000c0,0-9.9,40.9-83.6,48.1S829.6,47,766.1,28.9z\"\/>\n<\/svg>\t\t<\/div>\n\t\t\t\t\t<div class=\"elementor-container elementor-column-gap-wide\">\n\t\t\t\t\t<div class=\"elementor-column elementor-col-100 elementor-top-column elementor-element elementor-element-498ac92f\" data-id=\"498ac92f\" data-element_type=\"column\" data-e-type=\"column\">\n\t\t\t<div class=\"elementor-widget-wrap elementor-element-populated\">\n\t\t\t\t\t\t<div class=\"elementor-element elementor-element-74e6f68c elementor-widget elementor-widget-image\" data-id=\"74e6f68c\" data-element_type=\"widget\" data-e-type=\"widget\" data-widget_type=\"image.default\">\n\t\t\t\t<div class=\"elementor-widget-container\">\n\t\t\t\t\t\t\t\t\t\t\t\t\t\t\t<img fetchpriority=\"high\" decoding=\"async\" width=\"800\" height=\"800\" src=\"https:\/\/strollertogo.com\/wp-content\/uploads\/2023\/07\/A759846B-4BB8-4CF7-BB26-3DC92FFE1D1D.jpg\" class=\"attachment-1536x1536 size-1536x1536 wp-image-4333\" alt=\"\" srcset=\"https:\/\/strollertogo.com\/wp-content\/uploads\/2023\/07\/A759846B-4BB8-4CF7-BB26-3DC92FFE1D1D.jpg 800w, https:\/\/strollertogo.com\/wp-content\/uploads\/2023\/07\/A759846B-4BB8-4CF7-BB26-3DC92FFE1D1D-300x300.jpg 300w, https:\/\/strollertogo.com\/wp-content\/uploads\/2023\/07\/A759846B-4BB8-4CF7-BB26-3DC92FFE1D1D-150x150.jpg 150w, https:\/\/strollertogo.com\/wp-content\/uploads\/2023\/07\/A759846B-4BB8-4CF7-BB26-3DC92FFE1D1D-768x768.jpg 768w\" sizes=\"(max-width: 800px) 100vw, 800px\" \/>\t\t\t\t\t\t\t\t\t\t\t\t\t\t\t<\/div>\n\t\t\t\t<\/div>\n\t\t\t\t<div class=\"elementor-element elementor-element-4059b2f8 elementor-widget__width-initial elementor-widget elementor-widget-text-editor\" data-id=\"4059b2f8\" data-element_type=\"widget\" data-e-type=\"widget\" data-widget_type=\"text-editor.default\">\n\t\t\t\t<div class=\"elementor-widget-container\">\n\t\t\t\t\t\t\t\t\t<p>Conhe\u00e7a Claudia, uma empreendedora brasileira apaixonada pelo atendimento ao cliente que escolheu Orlando como seu lar desde 1999. Com um jeitinho especial de cuidar das pessoas, ela faz quest\u00e3o de mostrar a cada um que cruza seu caminho o quanto s\u00e3o especiais. Apaixonada por tudo relacionado \u00e0 Disney, onde passou 14 anos incr\u00edveis trabalhando, aprendendo e se destacando em uma das empresas mais renomadas por sua excel\u00eancia no servi\u00e7o ao consumidor, Claudia criou mem\u00f3rias inesquec\u00edveis e m\u00e1gicas que levar\u00e1 para toda a vida.<\/p><p>\u00a0<\/p><p>Al\u00e9m de sua vida profissional, Claudia \u00e9 uma m\u00e3e dedicada de g\u00eameas e afirma com certeza que ter sido m\u00e3e foi sua maior inspira\u00e7\u00e3o para fundar sua atual empresa. Com muito amor, paci\u00eancia e disposi\u00e7\u00e3o, ela enfrenta os desafios da maternidade e sempre encontra motivos para celebrar as alegrias dessa jornada, criando um ambiente acolhedor para suas filhas.<\/p><p>\u00a0<\/p><p>Comemorando 23 anos de casamento com Raymond, Claudia compartilha in\u00fameras aventuras e momentos felizes ao lado dele, incluindo a administra\u00e7\u00e3o da Stroller To Go, onde aprendem juntos a cada dia e se dedicam a cada detalhe, desde a higieniza\u00e7\u00e3o e manuten\u00e7\u00e3o dos produtos at\u00e9 os caprichos das cria\u00e7\u00f5es visuais.<\/p><p>\u00a0<\/p><p>Como fundadora da Stroller To Go Orlando Rentals, Claudia continua alegrando a vida das fam\u00edlias que visitam Orlando, garantindo que possam explorar a cidade e suas atra\u00e7\u00f5es com facilidade e conforto. Seu cora\u00e7\u00e3o generoso e amor pela fam\u00edlia a tornam uma inspira\u00e7\u00e3o, al\u00e9m de ser muito querida na comunidade onde vive.<\/p><p>\u00a0<\/p><p>Para mais informa\u00e7\u00f5es ou para fazer uma reserva, entre em contato com Claudia e sua equipe ou visite nossa p\u00e1gina. Ser\u00e1 sempre um prazer para ela ajudar voc\u00ea a encontrar o carrinho perfeito para suas f\u00e9rias!<\/p>\t\t\t\t\t\t\t\t<\/div>\n\t\t\t\t<\/div>\n\t\t\t\t\t<\/div>\n\t\t<\/div>\n\t\t\t\t\t<\/div>\n\t\t<\/section>\n\t\t\t\t<section class=\"elementor-section elementor-top-section elementor-element elementor-element-6ea672a5 elementor-section-boxed elementor-section-height-default elementor-section-height-default\" data-id=\"6ea672a5\" data-element_type=\"section\" data-e-type=\"section\">\n\t\t\t\t\t\t<div class=\"elementor-container elementor-column-gap-wide\">\n\t\t\t\t\t<div class=\"elementor-column elementor-col-50 elementor-top-column elementor-element elementor-element-2bc35cff\" data-id=\"2bc35cff\" data-element_type=\"column\" data-e-type=\"column\">\n\t\t\t<div class=\"elementor-widget-wrap elementor-element-populated\">\n\t\t\t\t\t\t<div class=\"elementor-element elementor-element-3d68cc81 elementor-widget elementor-widget-image\" data-id=\"3d68cc81\" data-element_type=\"widget\" data-e-type=\"widget\" data-widget_type=\"image.default\">\n\t\t\t\t<div class=\"elementor-widget-container\">\n\t\t\t\t\t\t\t\t\t\t\t\t\t\t\t<img decoding=\"async\" width=\"1080\" height=\"1080\" src=\"https:\/\/strollertogo.com\/wp-content\/uploads\/2023\/07\/Our-Mission-2.jpg\" class=\"attachment-full size-full wp-image-4339\" alt=\"\" srcset=\"https:\/\/strollertogo.com\/wp-content\/uploads\/2023\/07\/Our-Mission-2.jpg 1080w, https:\/\/strollertogo.com\/wp-content\/uploads\/2023\/07\/Our-Mission-2-300x300.jpg 300w, https:\/\/strollertogo.com\/wp-content\/uploads\/2023\/07\/Our-Mission-2-1024x1024.jpg 1024w, https:\/\/strollertogo.com\/wp-content\/uploads\/2023\/07\/Our-Mission-2-150x150.jpg 150w, https:\/\/strollertogo.com\/wp-content\/uploads\/2023\/07\/Our-Mission-2-768x768.jpg 768w\" sizes=\"(max-width: 1080px) 100vw, 1080px\" \/>\t\t\t\t\t\t\t\t\t\t\t\t\t\t\t<\/div>\n\t\t\t\t<\/div>\n\t\t\t\t\t<\/div>\n\t\t<\/div>\n\t\t\t\t<div class=\"elementor-column elementor-col-50 elementor-top-column elementor-element elementor-element-31feea9a\" data-id=\"31feea9a\" data-element_type=\"column\" data-e-type=\"column\">\n\t\t\t<div class=\"elementor-widget-wrap elementor-element-populated\">\n\t\t\t\t\t\t<div class=\"elementor-element elementor-element-311bb71e elementor-widget elementor-widget-heading\" data-id=\"311bb71e\" data-element_type=\"widget\" data-e-type=\"widget\" data-widget_type=\"heading.default\">\n\t\t\t\t<div class=\"elementor-widget-container\">\n\t\t\t\t\t<h2 class=\"elementor-heading-title elementor-size-default\">Nossa Miss\u00e3o<\/h2>\t\t\t\t<\/div>\n\t\t\t\t<\/div>\n\t\t\t\t<div class=\"elementor-element elementor-element-3b281780 elementor-widget elementor-widget-text-editor\" data-id=\"3b281780\" data-element_type=\"widget\" data-e-type=\"widget\" data-widget_type=\"text-editor.default\">\n\t\t\t\t<div class=\"elementor-widget-container\">\n\t\t\t\t\t\t\t\t\t<p>A miss\u00e3o da Stroller ToGo \u00e9 fornecer aos pais e cuidadores produtos convenientes e acess\u00edveis e servi\u00e7os seguros de aluguel de carrinhos de Crian\u00e7a<\/p><p>N\u00f3s nos esfor\u00e7amos para garantir que nossos clientes tenham a melhor experi\u00eancia poss\u00edvel, fornecendo carrinhos de qualidade, atendimento ao cliente excepcional e pre\u00e7os competitivos.<\/p>\t\t\t\t\t\t\t\t<\/div>\n\t\t\t\t<\/div>\n\t\t\t\t\t<\/div>\n\t\t<\/div>\n\t\t\t\t\t<\/div>\n\t\t<\/section>\n\t\t<div class=\"elementor-element elementor-element-f51d1e3 e-flex e-con-boxed e-con e-parent\" data-id=\"f51d1e3\" data-element_type=\"container\" data-e-type=\"container\">\n\t\t\t\t\t<div class=\"e-con-inner\">\n\t\t\t\t<div class=\"elementor-element elementor-element-0d6d549 elementor-widget elementor-widget-heading\" data-id=\"0d6d549\" data-element_type=\"widget\" data-e-type=\"widget\" data-widget_type=\"heading.default\">\n\t\t\t\t<div class=\"elementor-widget-container\">\n\t\t\t\t\t<h2 class=\"elementor-heading-title elementor-size-default\">Testimonials<\/h2>\t\t\t\t<\/div>\n\t\t\t\t<\/div>\n\t\t\t\t\t<\/div>\n\t\t\t\t<\/div>\n\t\t<div class=\"elementor-element elementor-element-441d4bc e-flex e-con-boxed e-con e-parent\" data-id=\"441d4bc\" data-element_type=\"container\" data-e-type=\"container\">\n\t\t\t\t\t<div class=\"e-con-inner\">\n\t\t\t\t\t<\/div>\n\t\t\t\t<\/div>\n\t\t\t\t<\/div>\n\t\t","protected":false},"excerpt":{"rendered":"<p>Conhe\u00e7a Claudia, uma empreendedora brasileira apaixonada pelo atendimento ao cliente que escolheu Orlando como seu lar desde 1999. Com um jeitinho especial de cuidar das pessoas, ela faz quest\u00e3o de mostrar a cada um que cruza seu caminho o quanto s\u00e3o especiais. Apaixonada por tudo relacionado \u00e0 Disney, onde passou 14 anos incr\u00edveis trabalhando, aprendendo [&hellip;]<\/p>\n","protected":false},"author":8,"featured_media":4333,"parent":0,"menu_order":0,"comment_status":"closed","ping_status":"closed","template":"","meta":{"site-sidebar-layout":"no-sidebar","site-content-layout":"page-builder","ast-site-content-layout":"default","site-content-style":"default","site-sidebar-style":"default","ast-global-header-display":"","ast-banner-title-visibility":"","ast-main-header-display":"","ast-hfb-above-header-display":"","ast-hfb-below-header-display":"","ast-hfb-mobile-header-display":"","site-post-title":"disabled","ast-breadcrumbs-content":"","ast-featured-img":"disabled","footer-sml-layout":"","ast-disable-related-posts":"","theme-transparent-header-meta":"default","adv-header-id-meta":"","stick-header-meta":"","header-above-stick-meta":"","header-main-stick-meta":"","header-below-stick-meta":"","astra-migrate-meta-layouts":"default","ast-page-background-enabled":"default","ast-page-background-meta":{"desktop":{"background-color":"var(--ast-global-color-4)","background-image":"","background-repeat":"repeat","background-position":"center center","background-size":"auto","background-attachment":"scroll","background-type":"","background-media":"","overlay-type":"","overlay-color":"","overlay-opacity":"","overlay-gradient":""},"tablet":{"background-color":"","background-image":"","background-repeat":"repeat","background-position":"center center","background-size":"auto","background-attachment":"scroll","background-type":"","background-media":"","overlay-type":"","overlay-color":"","overlay-opacity":"","overlay-gradient":""},"mobile":{"background-color":"","background-image":"","background-repeat":"repeat","background-position":"center center","background-size":"auto","background-attachment":"scroll","background-type":"","background-media":"","overlay-type":"","overlay-color":"","overlay-opacity":"","overlay-gradient":""}},"ast-content-background-meta":{"desktop":{"background-color":"var(--ast-global-color-5)","background-image":"","background-repeat":"repeat","background-position":"center center","background-size":"auto","background-attachment":"scroll","background-type":"","background-media":"","overlay-type":"","overlay-color":"","overlay-opacity":"","overlay-gradient":""},"tablet":{"background-color":"var(--ast-global-color-5)","background-image":"","background-repeat":"repeat","background-position":"center center","background-size":"auto","background-attachment":"scroll","background-type":"","background-media":"","overlay-type":"","overlay-color":"","overlay-opacity":"","overlay-gradient":""},"mobile":{"background-color":"var(--ast-global-color-5)","background-image":"","background-repeat":"repeat","background-position":"center center","background-size":"auto","background-attachment":"scroll","background-type":"","background-media":"","overlay-type":"","overlay-color":"","overlay-opacity":"","overlay-gradient":""}},"footnotes":""},"class_list":["post-4512","page","type-page","status-publish","has-post-thumbnail","hentry"],"yoast_head":"<!-- This site is optimized with the Yoast SEO plugin v27.4 - https:\/\/yoast.com\/product\/yoast-seo-wordpress\/ -->\n<title>Aluguel de Carrinhos da Disney - Carrinho Para Ir - Sobre mim<\/title>\n<meta name=\"description\" content=\"Stroller To Go: O confi\u00e1vel aluguel de carrinhos da Disney. Compat\u00edvel com Disney e Parque Tem\u00e1tico. Carrinhos de alta qualidade por um pre\u00e7o acess\u00edvel.\" \/>\n<meta name=\"robots\" content=\"index, follow, max-snippet:-1, max-image-preview:large, max-video-preview:-1\" \/>\n<link rel=\"canonical\" href=\"https:\/\/strollertogo.com\/pt-br\/sobre-nos\/\" \/>\n<meta property=\"og:locale\" content=\"pt_BR\" \/>\n<meta property=\"og:type\" content=\"article\" \/>\n<meta property=\"og:title\" content=\"Aluguel de Carrinhos da Disney - Carrinho Para Ir - Sobre mim\" \/>\n<meta property=\"og:description\" content=\"Stroller To Go: O confi\u00e1vel aluguel de carrinhos da Disney. Compat\u00edvel com Disney e Parque Tem\u00e1tico. Carrinhos de alta qualidade por um pre\u00e7o acess\u00edvel.\" \/>\n<meta property=\"og:url\" content=\"https:\/\/strollertogo.com\/pt-br\/sobre-nos\/\" \/>\n<meta property=\"og:site_name\" content=\"Stroller To Go\" \/>\n<meta property=\"article:modified_time\" content=\"2025-05-28T16:26:13+00:00\" \/>\n<meta property=\"og:image\" content=\"https:\/\/strollertogo.com\/wp-content\/uploads\/2023\/07\/A759846B-4BB8-4CF7-BB26-3DC92FFE1D1D.jpg\" \/>\n\t<meta property=\"og:image:width\" content=\"800\" \/>\n\t<meta property=\"og:image:height\" content=\"800\" \/>\n\t<meta property=\"og:image:type\" content=\"image\/jpeg\" \/>\n<meta name=\"twitter:card\" content=\"summary_large_image\" \/>\n<meta name=\"twitter:label1\" content=\"Est. tempo de leitura\" \/>\n\t<meta name=\"twitter:data1\" content=\"15 minutos\" \/>\n<script type=\"application\/ld+json\" class=\"yoast-schema-graph\">{\"@context\":\"https:\\\/\\\/schema.org\",\"@graph\":[{\"@type\":\"WebPage\",\"@id\":\"https:\\\/\\\/strollertogo.com\\\/pt-br\\\/sobre-nos\\\/\",\"url\":\"https:\\\/\\\/strollertogo.com\\\/pt-br\\\/sobre-nos\\\/\",\"name\":\"Aluguel de Carrinhos da Disney - Carrinho Para Ir - Sobre mim\",\"isPartOf\":{\"@id\":\"https:\\\/\\\/strollertogo.com\\\/#website\"},\"primaryImageOfPage\":{\"@id\":\"https:\\\/\\\/strollertogo.com\\\/pt-br\\\/sobre-nos\\\/#primaryimage\"},\"image\":{\"@id\":\"https:\\\/\\\/strollertogo.com\\\/pt-br\\\/sobre-nos\\\/#primaryimage\"},\"thumbnailUrl\":\"https:\\\/\\\/strollertogo.com\\\/wp-content\\\/uploads\\\/2023\\\/07\\\/A759846B-4BB8-4CF7-BB26-3DC92FFE1D1D.jpg\",\"datePublished\":\"2023-07-18T01:08:52+00:00\",\"dateModified\":\"2025-05-28T16:26:13+00:00\",\"description\":\"Stroller To Go: O confi\u00e1vel aluguel de carrinhos da Disney. Compat\u00edvel com Disney e Parque Tem\u00e1tico. Carrinhos de alta qualidade por um pre\u00e7o acess\u00edvel.\",\"breadcrumb\":{\"@id\":\"https:\\\/\\\/strollertogo.com\\\/pt-br\\\/sobre-nos\\\/#breadcrumb\"},\"inLanguage\":\"pt-BR\",\"potentialAction\":[{\"@type\":\"ReadAction\",\"target\":[\"https:\\\/\\\/strollertogo.com\\\/pt-br\\\/sobre-nos\\\/\"]}]},{\"@type\":\"ImageObject\",\"inLanguage\":\"pt-BR\",\"@id\":\"https:\\\/\\\/strollertogo.com\\\/pt-br\\\/sobre-nos\\\/#primaryimage\",\"url\":\"https:\\\/\\\/strollertogo.com\\\/wp-content\\\/uploads\\\/2023\\\/07\\\/A759846B-4BB8-4CF7-BB26-3DC92FFE1D1D.jpg\",\"contentUrl\":\"https:\\\/\\\/strollertogo.com\\\/wp-content\\\/uploads\\\/2023\\\/07\\\/A759846B-4BB8-4CF7-BB26-3DC92FFE1D1D.jpg\",\"width\":800,\"height\":800},{\"@type\":\"BreadcrumbList\",\"@id\":\"https:\\\/\\\/strollertogo.com\\\/pt-br\\\/sobre-nos\\\/#breadcrumb\",\"itemListElement\":[{\"@type\":\"ListItem\",\"position\":1,\"name\":\"Home\",\"item\":\"https:\\\/\\\/strollertogo.com\\\/\"},{\"@type\":\"ListItem\",\"position\":2,\"name\":\"Sobre n\u00f3s\"}]},{\"@type\":\"WebSite\",\"@id\":\"https:\\\/\\\/strollertogo.com\\\/#website\",\"url\":\"https:\\\/\\\/strollertogo.com\\\/\",\"name\":\"Strollers To-Go\",\"description\":\"Stroller Rental in Orlando\",\"publisher\":{\"@id\":\"https:\\\/\\\/strollertogo.com\\\/#organization\"},\"alternateName\":\"Strollers To Go\",\"potentialAction\":[{\"@type\":\"SearchAction\",\"target\":{\"@type\":\"EntryPoint\",\"urlTemplate\":\"https:\\\/\\\/strollertogo.com\\\/?s={search_term_string}\"},\"query-input\":{\"@type\":\"PropertyValueSpecification\",\"valueRequired\":true,\"valueName\":\"search_term_string\"}}],\"inLanguage\":\"pt-BR\"},{\"@type\":\"Organization\",\"@id\":\"https:\\\/\\\/strollertogo.com\\\/#organization\",\"name\":\"Strollers To-Go\",\"alternateName\":\"Strollers To Go\",\"url\":\"https:\\\/\\\/strollertogo.com\\\/\",\"logo\":{\"@type\":\"ImageObject\",\"inLanguage\":\"pt-BR\",\"@id\":\"https:\\\/\\\/strollertogo.com\\\/#\\\/schema\\\/logo\\\/image\\\/\",\"url\":\"https:\\\/\\\/strollertogo.com\\\/wp-content\\\/uploads\\\/2023\\\/05\\\/New-Logo.jpg\",\"contentUrl\":\"https:\\\/\\\/strollertogo.com\\\/wp-content\\\/uploads\\\/2023\\\/05\\\/New-Logo.jpg\",\"width\":779,\"height\":600,\"caption\":\"Strollers To-Go\"},\"image\":{\"@id\":\"https:\\\/\\\/strollertogo.com\\\/#\\\/schema\\\/logo\\\/image\\\/\"}}]}<\/script>\n<!-- \/ Yoast SEO plugin. -->","yoast_head_json":{"title":"Aluguel de Carrinhos da Disney - Carrinho Para Ir - Sobre mim","description":"Stroller To Go: O confi\u00e1vel aluguel de carrinhos da Disney. Compat\u00edvel com Disney e Parque Tem\u00e1tico. Carrinhos de alta qualidade por um pre\u00e7o acess\u00edvel.","robots":{"index":"index","follow":"follow","max-snippet":"max-snippet:-1","max-image-preview":"max-image-preview:large","max-video-preview":"max-video-preview:-1"},"canonical":"https:\/\/strollertogo.com\/pt-br\/sobre-nos\/","og_locale":"pt_BR","og_type":"article","og_title":"Aluguel de Carrinhos da Disney - Carrinho Para Ir - Sobre mim","og_description":"Stroller To Go: O confi\u00e1vel aluguel de carrinhos da Disney. Compat\u00edvel com Disney e Parque Tem\u00e1tico. Carrinhos de alta qualidade por um pre\u00e7o acess\u00edvel.","og_url":"https:\/\/strollertogo.com\/pt-br\/sobre-nos\/","og_site_name":"Stroller To Go","article_modified_time":"2025-05-28T16:26:13+00:00","og_image":[{"width":800,"height":800,"url":"https:\/\/strollertogo.com\/wp-content\/uploads\/2023\/07\/A759846B-4BB8-4CF7-BB26-3DC92FFE1D1D.jpg","type":"image\/jpeg"}],"twitter_card":"summary_large_image","twitter_misc":{"Est. tempo de leitura":"15 minutos"},"schema":{"@context":"https:\/\/schema.org","@graph":[{"@type":"WebPage","@id":"https:\/\/strollertogo.com\/pt-br\/sobre-nos\/","url":"https:\/\/strollertogo.com\/pt-br\/sobre-nos\/","name":"Aluguel de Carrinhos da Disney - Carrinho Para Ir - Sobre mim","isPartOf":{"@id":"https:\/\/strollertogo.com\/#website"},"primaryImageOfPage":{"@id":"https:\/\/strollertogo.com\/pt-br\/sobre-nos\/#primaryimage"},"image":{"@id":"https:\/\/strollertogo.com\/pt-br\/sobre-nos\/#primaryimage"},"thumbnailUrl":"https:\/\/strollertogo.com\/wp-content\/uploads\/2023\/07\/A759846B-4BB8-4CF7-BB26-3DC92FFE1D1D.jpg","datePublished":"2023-07-18T01:08:52+00:00","dateModified":"2025-05-28T16:26:13+00:00","description":"Stroller To Go: O confi\u00e1vel aluguel de carrinhos da Disney. Compat\u00edvel com Disney e Parque Tem\u00e1tico. Carrinhos de alta qualidade por um pre\u00e7o acess\u00edvel.","breadcrumb":{"@id":"https:\/\/strollertogo.com\/pt-br\/sobre-nos\/#breadcrumb"},"inLanguage":"pt-BR","potentialAction":[{"@type":"ReadAction","target":["https:\/\/strollertogo.com\/pt-br\/sobre-nos\/"]}]},{"@type":"ImageObject","inLanguage":"pt-BR","@id":"https:\/\/strollertogo.com\/pt-br\/sobre-nos\/#primaryimage","url":"https:\/\/strollertogo.com\/wp-content\/uploads\/2023\/07\/A759846B-4BB8-4CF7-BB26-3DC92FFE1D1D.jpg","contentUrl":"https:\/\/strollertogo.com\/wp-content\/uploads\/2023\/07\/A759846B-4BB8-4CF7-BB26-3DC92FFE1D1D.jpg","width":800,"height":800},{"@type":"BreadcrumbList","@id":"https:\/\/strollertogo.com\/pt-br\/sobre-nos\/#breadcrumb","itemListElement":[{"@type":"ListItem","position":1,"name":"Home","item":"https:\/\/strollertogo.com\/"},{"@type":"ListItem","position":2,"name":"Sobre n\u00f3s"}]},{"@type":"WebSite","@id":"https:\/\/strollertogo.com\/#website","url":"https:\/\/strollertogo.com\/","name":"Strollers To-Go","description":"Stroller Rental in Orlando","publisher":{"@id":"https:\/\/strollertogo.com\/#organization"},"alternateName":"Strollers To Go","potentialAction":[{"@type":"SearchAction","target":{"@type":"EntryPoint","urlTemplate":"https:\/\/strollertogo.com\/?s={search_term_string}"},"query-input":{"@type":"PropertyValueSpecification","valueRequired":true,"valueName":"search_term_string"}}],"inLanguage":"pt-BR"},{"@type":"Organization","@id":"https:\/\/strollertogo.com\/#organization","name":"Strollers To-Go","alternateName":"Strollers To Go","url":"https:\/\/strollertogo.com\/","logo":{"@type":"ImageObject","inLanguage":"pt-BR","@id":"https:\/\/strollertogo.com\/#\/schema\/logo\/image\/","url":"https:\/\/strollertogo.com\/wp-content\/uploads\/2023\/05\/New-Logo.jpg","contentUrl":"https:\/\/strollertogo.com\/wp-content\/uploads\/2023\/05\/New-Logo.jpg","width":779,"height":600,"caption":"Strollers To-Go"},"image":{"@id":"https:\/\/strollertogo.com\/#\/schema\/logo\/image\/"}}]}},"_links":{"self":[{"href":"https:\/\/strollertogo.com\/pt-br\/wp-json\/wp\/v2\/pages\/4512","targetHints":{"allow":["GET"]}}],"collection":[{"href":"https:\/\/strollertogo.com\/pt-br\/wp-json\/wp\/v2\/pages"}],"about":[{"href":"https:\/\/strollertogo.com\/pt-br\/wp-json\/wp\/v2\/types\/page"}],"author":[{"embeddable":true,"href":"https:\/\/strollertogo.com\/pt-br\/wp-json\/wp\/v2\/users\/8"}],"replies":[{"embeddable":true,"href":"https:\/\/strollertogo.com\/pt-br\/wp-json\/wp\/v2\/comments?post=4512"}],"version-history":[{"count":59,"href":"https:\/\/strollertogo.com\/pt-br\/wp-json\/wp\/v2\/pages\/4512\/revisions"}],"predecessor-version":[{"id":7984,"href":"https:\/\/strollertogo.com\/pt-br\/wp-json\/wp\/v2\/pages\/4512\/revisions\/7984"}],"wp:featuredmedia":[{"embeddable":true,"href":"https:\/\/strollertogo.com\/pt-br\/wp-json\/wp\/v2\/media\/4333"}],"wp:attachment":[{"href":"https:\/\/strollertogo.com\/pt-br\/wp-json\/wp\/v2\/media?parent=4512"}],"curies":[{"name":"wp","href":"https:\/\/api.w.org\/{rel}","templated":true}]}}